{"id":184,"date":"2020-08-27T19:09:54","date_gmt":"2020-08-27T19:09:54","guid":{"rendered":"http:\/\/coe.irpp.org\/about\/"},"modified":"2025-06-25T14:25:40","modified_gmt":"2025-06-25T14:25:40","slug":"a-propos","status":"publish","type":"page","link":"https:\/\/centre.irpp.org\/fr\/a-propos\/","title":{"rendered":"\u00c0 propos du Centre d\u2019excellence sur la f\u00e9d\u00e9ration canadienne"},"content":{"rendered":"<p>Le Centre est dans une position cl\u00e9 pour analyser les enjeux qui touchent la f\u00e9d\u00e9ration, comme les politiques provinciales li\u00e9es \u00e0 la pand\u00e9mie de COVID-19, les relations fiscales intergouvernementales, la situation politique des peuples autochtones et l\u2019opinion publique sur le f\u00e9d\u00e9ralisme. Sous la direction de Charles Breton, le Centre m\u00e8ne ses travaux en comptant sur l\u2019excellente r\u00e9putation de l\u2019IRPP sur les questions entourant la f\u00e9d\u00e9ration. Sa priorit\u00e9 sera de transmettre aux d\u00e9cideurs, politiciens et chercheurs les donn\u00e9es et connaissances n\u00e9cessaires pour \u00e9clairer les d\u00e9bats sur les arrangements f\u00e9d\u00e9raux.<\/p>\n<p>Le Centre produira une recherche de pointe en vue d\u2019\u00e9clairer l\u2019action et les d\u00e9cisions de nos gouvernements. Il privil\u00e9giera les activit\u00e9s de recherche et th\u00e8mes suivants :<\/p>\n<ul>\n<li>Attitudes du public \u00e0 l\u2019\u00e9gard du f\u00e9d\u00e9ralisme et de la f\u00e9d\u00e9ration ;<\/li>\n<li>\u00c9volution future du f\u00e9d\u00e9ralisme et de la d\u00e9mocratie ;<\/li>\n<li>Participation au d\u00e9bat public sur la gouvernance autochtone et les relations entre communaut\u00e9s autochtones et non autochtones ;<\/li>\n<li>Analyse \u00e9conomique des enjeux relatifs aux arrangements f\u00e9d\u00e9raux ;<\/li>\n<li>Incidence des nouvelles tendances \u00e9conomiques et sociales sur les arrangements f\u00e9d\u00e9raux ;<\/li>\n<li>Diversification des voix et points de vue sur ces diff\u00e9rents enjeux ;<\/li>\n<li>Rencontres avec des d\u00e9cideurs et leaders sectoriels pour discuter des travaux du Centre et de leur influence sur les politiques et la coh\u00e9sion du pays.<\/li>\n<\/ul>\n","protected":false},"excerpt":{"rendered":"<p>Le Centre est dans une position cl\u00e9 pour analyser les enjeux qui touchent la f\u00e9d\u00e9ration, comme les politiques provinciales li\u00e9es \u00e0 la pand\u00e9mie de COVID-19, les relations fiscales intergouvernementales, la situation politique des peuples autochtones et l\u2019opinion publique sur le f\u00e9d\u00e9ralisme. Sous la direction de Charles Breton, le Centre m\u00e8ne ses travaux en comptant sur [&hellip;]<\/p>\n","protected":false},"author":1,"featured_media":0,"parent":0,"menu_order":0,"comment_status":"closed","ping_status":"closed","template":"page-about.php","meta":{"content-type":"","footnotes":""},"categories":[],"tags":[],"class_list":["post-184","page","type-page","status-publish","hentry"],"acf":[],"yoast_head":"<!-- This site is optimized with the Yoast SEO plugin v15.7 - https:\/\/yoast.com\/wordpress\/plugins\/seo\/ -->\n<title>\u00c0 propos du Centre d\u2019excellence sur la f\u00e9d\u00e9ration canadienne - Centre of Excellence on the Canadian Federation<\/title>\n<meta name=\"robots\" content=\"index, follow, max-snippet:-1, max-image-preview:large, max-video-preview:-1\" \/>\n<link rel=\"canonical\" href=\"https:\/\/centre.irpp.org\/fr\/a-propos\/\" \/>\n<meta property=\"og:locale\" content=\"fr_FR\" \/>\n<meta property=\"og:type\" content=\"article\" \/>\n<meta property=\"og:title\" content=\"\u00c0 propos du Centre d\u2019excellence sur la f\u00e9d\u00e9ration canadienne - Centre of Excellence on the Canadian Federation\" \/>\n<meta property=\"og:description\" content=\"Le Centre est dans une position cl\u00e9 pour analyser les enjeux qui touchent la f\u00e9d\u00e9ration, comme les politiques provinciales li\u00e9es \u00e0 la pand\u00e9mie de COVID-19, les relations fiscales intergouvernementales, la situation politique des peuples autochtones et l\u2019opinion publique sur le f\u00e9d\u00e9ralisme. Sous la direction de Charles Breton, le Centre m\u00e8ne ses travaux en comptant sur [&hellip;]\" \/>\n<meta property=\"og:url\" content=\"https:\/\/centre.irpp.org\/fr\/a-propos\/\" \/>\n<meta property=\"og:site_name\" content=\"Centre of Excellence on the Canadian Federation\" \/>\n<meta property=\"article:modified_time\" content=\"2025-06-25T14:25:40+00:00\" \/>\n<meta property=\"og:image\" content=\"https:\/\/centre.irpp.org\/wp-content\/uploads\/sites\/3\/2020\/09\/coe-og-img.png\" \/>\n\t<meta property=\"og:image:width\" content=\"1200\" \/>\n\t<meta property=\"og:image:height\" content=\"630\" \/>\n<meta name=\"twitter:card\" content=\"summary_large_image\" \/>\n<meta name=\"twitter:label1\" content=\"Dur\u00e9e de lecture est.\">\n\t<meta name=\"twitter:data1\" content=\"1 minute\">\n<script type=\"application\/ld+json\" class=\"yoast-schema-graph\">{\"@context\":\"https:\/\/schema.org\",\"@graph\":[{\"@type\":\"WebSite\",\"@id\":\"https:\/\/centre.irpp.org\/#website\",\"url\":\"https:\/\/centre.irpp.org\/\",\"name\":\"Centre of Excellence on the Canadian Federation\",\"description\":\"Centre of Excellence on the Canadian Federation\",\"potentialAction\":[{\"@type\":\"SearchAction\",\"target\":\"https:\/\/centre.irpp.org\/?s={search_term_string}\",\"query-input\":\"required name=search_term_string\"}],\"inLanguage\":\"fr-FR\"},{\"@type\":\"WebPage\",\"@id\":\"https:\/\/centre.irpp.org\/fr\/a-propos\/#webpage\",\"url\":\"https:\/\/centre.irpp.org\/fr\/a-propos\/\",\"name\":\"\\u00c0 propos du Centre d\\u2019excellence sur la f\\u00e9d\\u00e9ration canadienne - Centre of Excellence on the Canadian Federation\",\"isPartOf\":{\"@id\":\"https:\/\/centre.irpp.org\/#website\"},\"datePublished\":\"2020-08-27T19:09:54+00:00\",\"dateModified\":\"2025-06-25T14:25:40+00:00\",\"inLanguage\":\"fr-FR\",\"potentialAction\":[{\"@type\":\"ReadAction\",\"target\":[\"https:\/\/centre.irpp.org\/fr\/a-propos\/\"]}]}]}<\/script>\n<!-- \/ Yoast SEO plugin. -->","_links":{"self":[{"href":"https:\/\/centre.irpp.org\/fr\/wp-json\/wp\/v2\/pages\/184","targetHints":{"allow":["GET"]}}],"collection":[{"href":"https:\/\/centre.irpp.org\/fr\/wp-json\/wp\/v2\/pages"}],"about":[{"href":"https:\/\/centre.irpp.org\/fr\/wp-json\/wp\/v2\/types\/page"}],"author":[{"embeddable":true,"href":"https:\/\/centre.irpp.org\/fr\/wp-json\/wp\/v2\/users\/1"}],"replies":[{"embeddable":true,"href":"https:\/\/centre.irpp.org\/fr\/wp-json\/wp\/v2\/comments?post=184"}],"version-history":[{"count":0,"href":"https:\/\/centre.irpp.org\/fr\/wp-json\/wp\/v2\/pages\/184\/revisions"}],"wp:attachment":[{"href":"https:\/\/centre.irpp.org\/fr\/wp-json\/wp\/v2\/media?parent=184"}],"wp:term":[{"taxonomy":"category","embeddable":true,"href":"https:\/\/centre.irpp.org\/fr\/wp-json\/wp\/v2\/categories?post=184"},{"taxonomy":"post_tag","embeddable":true,"href":"https:\/\/centre.irpp.org\/fr\/wp-json\/wp\/v2\/tags?post=184"}],"curies":[{"name":"wp","href":"https:\/\/api.w.org\/{rel}","templated":true}]}}